{"id":8353,"date":"2023-01-14T18:39:46","date_gmt":"2023-01-14T17:39:46","guid":{"rendered":"https:\/\/frei-sein-kompassde.3stmedia.de\/?page_id=8353"},"modified":"2026-03-28T17:27:49","modified_gmt":"2026-03-28T16:27:49","slug":"kinderkarneval","status":"publish","type":"page","link":"https:\/\/kg-bevergern.de\/index.php\/kinderkarneval\/","title":{"rendered":"Kinderkarneval"},"content":{"rendered":"<section class=\"wpb-content-wrapper\"><p>[vc_row][vc_column][vc_empty_space height=&#8220;50px&#8220;][\/vc_column][\/vc_row][vc_section][vc_row row_content_width=&#8220;grid&#8220;][vc_column css=&#8220;.vc_custom_1678175718797{padding-right: 25px !important;padding-left: 25px !important;}&#8220;]<div class=\"mkdf-section-title-holder  \" style=\"text-align: center\">\n\t<div class=\"mkdf-st-inner\">\n\t\t\t\t\t\t\t<h2 class=\"mkdf-st-title\" >\n\t\t\t\tDas Karnevalserlebnis f\u00fcr unsere ``kleinen`` Jecken\t\t\t\t<span class=\"mkdf-st-title-mark\" ><\/span>\n\t\t\t<\/h2>\n\t\t\t\t\t\t\t\t\t\t\t<p class=\"mkdf-st-text\" >\n\t\t\t\tstartet in\t\t\t<\/p>\n\t\t\t<\/div>\n<\/div>[vc_empty_space]<div class=\"mkdf-countdown mkdf-cd-no-week-month mkdf-cd-no-month  \" id=\"countdown3046\" data-year=\"2026\" data-month=\"2\" data-day=\"15\" data-hour=\"14\" data-minute=\"33\" data-timezone=\"2\" data-month-label=\"Months\" data-day-label=\"Tage\" data-hour-label=\"Stunden\" data-minute-label=\"Minuten\" data-second-label=\"Sekunden\" data-digit-size=\"\" data-label-size=\"\"><\/div>[vc_empty_space]<div class=\"mkdf-section-title-holder  \" style=\"text-align: center\">\n\t<div class=\"mkdf-st-inner\">\n\t\t\t\t\t\t\t<h2 class=\"mkdf-st-title\" >\n\t\t\t\tNachlese Kinderkarneval \u2013 400 Kinder feiern ein buntes Fest\t\t\t\t<span class=\"mkdf-st-title-mark\" ><\/span>\n\t\t\t<\/h2>\n\t\t\t\t\t\t\t<div class=\"mkdf-st-separator\" style=\"background-color: #cd1818\"><\/div>\n\t\t\t\t\t\t\t\t\t<p class=\"mkdf-st-text\" >\n\t\t\t\tKinderprinz &amp; Kinderprinzessin 2026\t\t\t<\/p>\n\t\t\t<\/div>\n<\/div>[vc_empty_space height=&#8220;50px&#8220;][\/vc_column][\/vc_row][\/vc_section][vc_row row_content_width=&#8220;grid&#8220;][vc_column width=&#8220;1\/2&#8243; css=&#8220;.vc_custom_1678175732139{padding-left: 25px !important;}&#8220;][vc_single_image image=&#8220;15776&#8243; img_size=&#8220;full&#8220;][\/vc_column][vc_column width=&#8220;1\/2&#8243; css=&#8220;.vc_custom_1705403899202{padding-right: 25px !important;padding-left: 25px !important;}&#8220;][vc_column_text]<\/p>\n<p style=\"padding-left: 40px;\">400 Kinder und ihre Eltern eroberten das Festzelt und sorgten f\u00fcr eine fr\u00f6hliche, ausgelassene Atmosph\u00e4re voller Lachen, Musik und Bewegung.<\/p>\n<p style=\"padding-left: 40px;\">Das Kinderprinzenpaar Malte und Hannah mit ihrem Gefolge und Zw\u00f6lferrat zogen unter Motto \u201eBevergern goes Wild\u201c in das Festzelt ein und heizten die Stimmung auf.<\/p>\n<p style=\"padding-left: 40px;\">F\u00fcr beste Unterhaltung sorgte das Clown-Duo <strong>Bambi und Bambu<\/strong>, das die Kinder nicht nur pr\u00e4chtig unterhielt, sondern auch immer wieder zum Mitmachen, Klatschen und Tanzen einlud.<\/p>\n<p style=\"padding-left: 40px;\">Die verschiedenen Altersgruppen des Tanzcorps Burggarde Bevergern zeigten ihre T\u00e4nze und begeisterten das junge Publikum mit farbenfrohen und schwungvollen Choreografien.<\/p>\n<p style=\"padding-left: 40px;\">Zum kr\u00f6nenden Abschluss schaute <strong>Prinz Markus<\/strong> gemeinsam mit <strong>Prinzessin Kerstin<\/strong> vorbei und \u00fcberraschte die kleinen G\u00e4ste mit vielen leckeren Bonbons.<\/p>\n<p style=\"padding-left: 40px;\">Fazit: Ein rundum gelungenes Kinderkarnevalsfest, bei dem 400 Kinder einen unvergesslichen Tag voller Spa\u00df, Tanz und Freude erleben durften.<\/p>\n<p>[\/vc_column_text][\/vc_column][\/vc_row][vc_row][vc_column][vc_empty_space height=&#8220;50px&#8220;][\/vc_column][\/vc_row]<\/p>\n<\/section>","protected":false},"excerpt":{"rendered":"<p>[vc_row][vc_column][vc_empty_space height=&#8220;50px&#8220;][\/vc_column][\/vc_row][vc_section][vc_row row_content_width=&#8220;grid&#8220;][vc_column css=&#8220;.vc_custom_1678175718797{padding-right: 25px !important;padding-left: 25px !important;}&#8220;][vc_empty_space][vc_empty_space][vc_empty_space height=&#8220;50px&#8220;][\/vc_column][\/vc_row][\/vc_section][vc_row row_content_width=&#8220;grid&#8220;][vc_column width=&#8220;1\/2&#8243; css=&#8220;.vc_custom_1678175732139{padding-left: 25px !important;}&#8220;][vc_single_image image=&#8220;15776&#8243; img_size=&#8220;full&#8220;][\/vc_column][vc_column width=&#8220;1\/2&#8243; css=&#8220;.vc_custom_1705403899202{padding-right: 25px !important;padding-left: 25px !important;}&#8220;][vc_column_text] 400 Kinder und ihre Eltern eroberten das Festzelt und sorgten f\u00fcr eine fr\u00f6hliche, ausgelassene Atmosph\u00e4re voller Lachen, Musik [&hellip;]<\/p>\n","protected":false},"author":1,"featured_media":0,"parent":0,"menu_order":0,"comment_status":"closed","ping_status":"closed","template":"full-width.php","meta":{"footnotes":""},"class_list":["post-8353","page","type-page","status-publish","hentry"],"_links":{"self":[{"href":"https:\/\/kg-bevergern.de\/index.php\/wp-json\/wp\/v2\/pages\/8353","targetHints":{"allow":["GET"]}}],"collection":[{"href":"https:\/\/kg-bevergern.de\/index.php\/wp-json\/wp\/v2\/pages"}],"about":[{"href":"https:\/\/kg-bevergern.de\/index.php\/wp-json\/wp\/v2\/types\/page"}],"author":[{"embeddable":true,"href":"https:\/\/kg-bevergern.de\/index.php\/wp-json\/wp\/v2\/users\/1"}],"replies":[{"embeddable":true,"href":"https:\/\/kg-bevergern.de\/index.php\/wp-json\/wp\/v2\/comments?post=8353"}],"version-history":[{"count":48,"href":"https:\/\/kg-bevergern.de\/index.php\/wp-json\/wp\/v2\/pages\/8353\/revisions"}],"predecessor-version":[{"id":16110,"href":"https:\/\/kg-bevergern.de\/index.php\/wp-json\/wp\/v2\/pages\/8353\/revisions\/16110"}],"wp:attachment":[{"href":"https:\/\/kg-bevergern.de\/index.php\/wp-json\/wp\/v2\/media?parent=8353"}],"curies":[{"name":"wp","href":"https:\/\/api.w.org\/{rel}","templated":true}]}}